{"id":8,"date":"2015-04-13T07:14:49","date_gmt":"2015-04-13T13:14:49","guid":{"rendered":"http:\/\/essentialconditions.ca\/learning-technologies-ab\/?page_id=8"},"modified":"2015-10-23T16:31:57","modified_gmt":"2015-10-23T22:31:57","slug":"synthese-vocale","status":"publish","type":"page","link":"https:\/\/www.learningtechnologiesab.com\/francais\/synthese-vocale\/","title":{"rendered":"Synth\u00e8se vocale"},"content":{"rendered":"<div class=\"row\">\n<div class=\"col-sm-6\">\n<p class=\"featuredImage\"><img decoding=\"async\" src=\"http:\/\/www.learningtechnologiesab.com\/francais\/wp-content\/uploads\/2015\/04\/1364499066.jpg\" alt=\"\" \/><\/p>\n<\/p><\/div>\n<div class=\"col-sm-6\">\n<h1>La synth\u00e8se vocale <\/h1>\n<p>La synth\u00e8se vocale, d\u00e9sign\u00e9e aussi par les termes \u00ab synth\u00e8se de la parole \u00bb ou \u00ab synth\u00e8se texte-parole \u00bb, est une technologie qui convertit le texte num\u00e9rique en voix, ce qui permet \u00e0 l&#8217;\u00e9l\u00e8ve d&#8217;entendre le texte qu&#8217;il a surlign\u00e9.<\/p>\n<p><a href=\"http:\/\/www.learningtechnologiesab.com\/francais\/synthese-vocale\/en-savoir-plus\/\" class=\"btn btn-primary\">En savoir plus<\/a><\/p>\n<\/p><\/div>\n<\/div>\n<div class=\"row\">\n<div class=\"col-sm-6\">\n<h2>Qu&#8217;est-ce que la synth\u00e8se vocale <\/h2>\n<p>La <strong>synth\u00e8se vocale<\/strong> est une technologie qui convertit le texte num\u00e9rique en voix, ce qui permet \u00e0 l&#8217;\u00e9l\u00e8ve d&#8217;entendre le texte qu&#8217;il a s\u00e9lectionn\u00e9. La synth\u00e8se vocale est une fonctionnalit\u00e9 de plus en plus r\u00e9pandue dans les sites Web; les utilisateurs ont ainsi l&#8217;option de lire le texte par eux-m\u00eames ou de se le faire lire par le programme. Pour les \u00e9l\u00e8ves qui ont de la difficult\u00e9 \u00e0 d\u00e9coder un texte, un logiciel de synth\u00e8se vocale peut \u00eatre utilis\u00e9 pour renforcer la lecture d&#8217;un texte num\u00e9rique, y compris des documents Word, des courriels, des PDF accessibles et de l&#8217;information sur Internet. La synth\u00e8se vocale peut aussi soutenir les \u00e9l\u00e8ves pendant le processus d&#8217;\u00e9criture : ils peuvent se faire lire le texte \u00e0 voix haute aussi souvent qu&#8217;ils le souhaitent et se servir de cette r\u00e9troaction orale pour r\u00e9viser leur texte \u00e9crit.<\/p>\n<p>La fonctionnalit\u00e9 de synth\u00e8se vocale est accessible sur les syst\u00e8mes d&#8217;exploitation de Windows et de Mac. C\u2019est un point de d\u00e9part simple et pratique pour essayer une version \u00e9l\u00e9mentaire de la synth\u00e8se vocale. Toutefois, ces outils int\u00e9gr\u00e9s dans le syst\u00e8me d\u2019exploitation pourraient ne pas \u00eatre suffisamment \u00e9labor\u00e9s et ne pas contenir toutes les fonctions requises par les \u00e9l\u00e8ves ayant des incapacit\u00e9s en lecture. <\/p>\n<\/p><\/div>\n<div class=\"col-sm-6\">\n<p><img decoding=\"async\" src=\"http:\/\/www.learningtechnologiesab.com\/francais\/wp-content\/uploads\/2015\/04\/4018787_orig.png\" alt=\"\" \/><\/p>\n<\/p><\/div>\n<\/div>\n","protected":false},"excerpt":{"rendered":"<p>La synth\u00e8se vocale La synth\u00e8se vocale, d\u00e9sign\u00e9e aussi par les termes \u00ab synth\u00e8se de la parole \u00bb ou \u00ab synth\u00e8se texte-parole \u00bb, est une technologie&#8230; <a href=\"https:\/\/www.learningtechnologiesab.com\/francais\/synthese-vocale\/\">Read more &raquo;<\/a><\/p>\n","protected":false},"author":1,"featured_media":0,"parent":0,"menu_order":0,"comment_status":"open","ping_status":"open","template":"","meta":{"_acf_changed":false,"footnotes":""},"class_list":["post-8","page","type-page","status-publish","hentry"],"acf":[],"_links":{"self":[{"href":"https:\/\/www.learningtechnologiesab.com\/francais\/wp-json\/wp\/v2\/pages\/8","targetHints":{"allow":["GET"]}}],"collection":[{"href":"https:\/\/www.learningtechnologiesab.com\/francais\/wp-json\/wp\/v2\/pages"}],"about":[{"href":"https:\/\/www.learningtechnologiesab.com\/francais\/wp-json\/wp\/v2\/types\/page"}],"author":[{"embeddable":true,"href":"https:\/\/www.learningtechnologiesab.com\/francais\/wp-json\/wp\/v2\/users\/1"}],"replies":[{"embeddable":true,"href":"https:\/\/www.learningtechnologiesab.com\/francais\/wp-json\/wp\/v2\/comments?post=8"}],"version-history":[{"count":10,"href":"https:\/\/www.learningtechnologiesab.com\/francais\/wp-json\/wp\/v2\/pages\/8\/revisions"}],"predecessor-version":[{"id":322,"href":"https:\/\/www.learningtechnologiesab.com\/francais\/wp-json\/wp\/v2\/pages\/8\/revisions\/322"}],"wp:attachment":[{"href":"https:\/\/www.learningtechnologiesab.com\/francais\/wp-json\/wp\/v2\/media?parent=8"}],"curies":[{"name":"wp","href":"https:\/\/api.w.org\/{rel}","templated":true}]}}