{"id":60,"date":"2015-04-14T09:53:20","date_gmt":"2015-04-14T15:53:20","guid":{"rendered":"http:\/\/essentialconditions.ca\/learning-technologies-ab\/?page_id=60"},"modified":"2015-05-19T08:26:13","modified_gmt":"2015-05-19T14:26:13","slug":"ce-que-dit-la-recherche","status":"publish","type":"page","link":"https:\/\/www.learningtechnologiesab.com\/francais\/prediction-de-mots\/ce-que-dit-la-recherche\/","title":{"rendered":"Ce que dit la recherche"},"content":{"rendered":"<h1> La pr\u00e9diction de mots : <br \/>Ce que dit la recherche<\/h1>\n<p><strong>Silio, M. C. et P. M. Barbetta. \u00ab The effects of word prediction and text-to-speech technologies on the narrative writing skills of Hispanic students with specific learning disabilities \u00bb, <em>Journal of Special Education Technology<\/em>, vol. 25, no 4, 2010, p. 17-32.<\/strong><\/p>\n<p>Cette \u00e9tude quasi exp\u00e9rimentale, publi\u00e9e dans une revue scientifique r\u00e9vis\u00e9e par des pairs, posait la question suivante : Dans le m\u00eame intervalle de temps, est-ce que des \u00e9l\u00e8ves hispanophones ayant des troubles d\u2019apprentissage pr\u00e9cis et utilisant<\/p>\n<ul>\n<li>le traitement de texte,<\/li>\n<li>le traitement de texte avec pr\u00e9diction de mots,<\/li>\n<li>le traitement de texte avec synth\u00e8se vocale ou<\/li>\n<li>le traitement de texte avec pr\u00e9diction de mot et synth\u00e8se vocale<\/li>\n<\/ul>\n<ol>\n<li>r\u00e9digent des textes narratifs de meilleure qualit\u00e9 sur le plan de la fluidit\u00e9, de la syntaxe et de l&#8217;exactitude orthographique?<\/li>\n<li>composent des textes narratifs mieux organis\u00e9s de fa\u00e7on g\u00e9n\u00e9rale?<\/li>\n<li>maintiennent leurs habilet\u00e9s de r\u00e9daction et d&#8217;organisation de textes narratifs lors des \u00e9preuves de r\u00e9tention tenues deux semaines, quatre semaines et six semaines apr\u00e8s la r\u00e9daction des textes?<\/li>\n<\/ol>\n<p>Le groupe de participants \u00e9tait form\u00e9 de six gar\u00e7ons hispanophones de 5e ann\u00e9e ayant un trouble d&#8217;apprentissage pr\u00e9cis, qui \u00e9taient des apprenants de l&#8217;anglais, mais qui n&#8217;avaient plus acc\u00e8s aux services offerts aux apprenants de l&#8217;anglais \u00e0 cause de leur niveau de connaissance de cette langue. Un sch\u00e9ma montrant les niveaux de base parall\u00e8les des participants a \u00e9t\u00e9 utilis\u00e9 dans les deux \u00e9tudes distinctes, mais connexes. Les participants ont \u00e9t\u00e9 divis\u00e9s au hasard en deux groupes, la cohorte A et la cohorte B. Avant l&#8217;intervention, les participants ont re\u00e7u une formation individuelle de 30 minutes sur l&#8217;utilisation du logiciel de pr\u00e9diction de mots et de synth\u00e8se vocale WordQ. Les participants de la cohorte A et B ont suivi toutes les proc\u00e9dures g\u00e9n\u00e9rales, y compris l&#8217;utilisation de Word pour r\u00e9pondre aux questions s\u00e9lectionn\u00e9es au hasard. Pendant la premi\u00e8re phase d&#8217;intervention, la cohorte A a utilis\u00e9 la fonction de pr\u00e9diction de mots WordQ dans Word. Lorsque le groupe est pass\u00e9 \u00e0 la seconde phase d&#8217;intervention, la synth\u00e8se vocale a \u00e9t\u00e9 ajout\u00e9e. Les participants de la cohorte B ont quant \u00e0 eux utilis\u00e9 le logiciel Word et la fonction de synth\u00e8se vocale pendant la premi\u00e8re phase d&#8217;intervention, et ont int\u00e9gr\u00e9 la pr\u00e9diction de mots \u00e0 la deuxi\u00e8me phase d&#8217;intervention. Les mesures de fid\u00e9lit\u00e9 du traitement et de fiabilit\u00e9 inter\u00e9valuateurs ont \u00e9t\u00e9 recueillies par des observateurs comp\u00e9tents pendant 12 des 38 (32 %) interventions principales et s\u00e9ances de r\u00e9tention. Une grille d\u2019\u00e9valuation holistique a \u00e9t\u00e9 utilis\u00e9e pour \u00e9valuer les \u00e9chantillons de texte. Les notes moyennes de la fiabilit\u00e9 inter\u00e9valuateurs concernant la fluidit\u00e9, la syntaxe, l&#8217;exactitude orthographique et l&#8217;organisation g\u00e9n\u00e9rale \u00e9taient respectivement de 99,7 %, 91,3 %, 99,6 % et 86,6 %.<\/p>\n<p><strong>R\u00c9SULTATS :<\/strong> Bien que les r\u00e9sultats varient d&#8217;un participant \u00e0 l&#8217;autre, dans l&#8217;ensemble, ils d\u00e9montrent que la pr\u00e9diction de mots seule ou en combinaison avec la synth\u00e8se vocale a eu un effet positif sur les habilet\u00e9s des participants en \u00e9criture. Lorsqu&#8217;utilis\u00e9es de fa\u00e7on isol\u00e9e, la pr\u00e9diction de mots et la synth\u00e8se vocale ont permis aux participants des deux cohortes d&#8217;\u00e9crire des textes plus longs, plus complexes sur le plan syntaxique, mieux organis\u00e9s et comportant moins d&#8217;erreurs orthographiques. Cependant, il n&#8217;y a eu que peu d&#8217;am\u00e9lioration, voire aucune, avec l&#8217;utilisation exclusive de la synth\u00e8se vocale. Sauf quelques exceptions, les participants ont conserv\u00e9 un pourcentage \u00e9lev\u00e9 des habilet\u00e9s en \u00e9criture acquises pendant l&#8217;exp\u00e9rience. <\/p>\n<hr size=\"1\" \/>\n<p><strong>Cullen J., S. B. Richard et C. L. Frank. \u00ab Using software to enhance the writing skills of students with special needs \u00bb, <em>Journal of Special Education Technology<\/em>, vol. 23, no 2, 2008, p. 33-43.<br \/>\n<\/strong><\/p>\n<p>Cet article de recherche, publi\u00e9 dans une revue scientifique r\u00e9vis\u00e9e par des pairs, se penche sur les effets des logiciels sur le rendement en \u00e9criture des \u00e9l\u00e8ves ayant des incapacit\u00e9s l\u00e9g\u00e8res. La question exacte de l&#8217;\u00e9tude \u00e9tait : \u00ab Quels effets un processeur textuel sonore avec correcteur orthographique (Write: Outloud) a-t-il sur le rendement de sept \u00e9l\u00e8ves ayant des besoins sp\u00e9ciaux lorsqu&#8217;il est employ\u00e9 seul ou conjointement avec un logiciel de pr\u00e9diction de mots (Co:Writer) aux fins d\u2019adaptation lors des exercices d&#8217;\u00e9criture quotidiens? \u00bb Les participants \u00e9taient sept \u00e9l\u00e8ves de 5e ann\u00e9e ayant une incapacit\u00e9 l\u00e9g\u00e8re, soit ayant re\u00e7u un diagnostic de retard cognitif l\u00e9ger ou de trouble d&#8217;apprentissage. Les chercheurs ont utilis\u00e9 le mod\u00e8le de l&#8217;\u00e9tude de cas \u00e0 niveaux de base parall\u00e8les modifi\u00e9s. L&#8217;\u00e9tude comportait trois phases : la collecte de textes de r\u00e9f\u00e9rence de base, l&#8217;intervention au moyen d&#8217;un processeur textuel sonore, et l&#8217;intervention au moyen d&#8217;un logiciel de pr\u00e9diction de mots conjointement avec un processeur textuel sonore. La modification du sch\u00e9ma \u00e0 niveaux de base parall\u00e8les visait une mise en \u0153uvre simultan\u00e9e des phases d&#8217;intervention avec chacun des participants, plut\u00f4t que de fa\u00e7on \u00e9chelonn\u00e9e comme il est de coutume avec le sch\u00e9ma \u00e0 niveaux de base parall\u00e8les. Les \u00e9chantillons de textes de r\u00e9f\u00e9rence ont \u00e9t\u00e9 tir\u00e9s de textes manuscrits. Les textes manuscrits ont \u00e9t\u00e9 convertis en textes num\u00e9riques pour \u00e9viter que les \u00e9valuations ne soient biais\u00e9es. Les deux phases d&#8217;intervention ont dur\u00e9 trois semaines chacune, et un nombre maximal de neuf \u00e9chantillons de texte par participant ont \u00e9t\u00e9 recueillis lors de chaque phase. Tous les \u00e9chantillons de texte ont \u00e9t\u00e9 \u00e9valu\u00e9s selon les crit\u00e8res suivants :<\/p>\n<ul>\n<li>nombre moyen de mots;<\/li>\n<li>nombre moyen d&#8217;erreurs orthographiques;<\/li>\n<li>pourcentage d&#8217;exactitude;<\/li>\n<li>r\u00e9sultat total.<\/li>\n<\/ul>\n<p><strong>R\u00c9SULTATS :<\/strong> De fa\u00e7on g\u00e9n\u00e9rale, les deux supports ont eu des effets positifs sur l&#8217;\u00e9criture des \u00e9l\u00e8ves, mais Co:Writer plus que Write:Outloud. En tant que groupe, les participants se sont am\u00e9lior\u00e9s sur chacun des crit\u00e8res pendant les deux phases d&#8217;intervention. Ces effets ne se sont toutefois pas traduits par des r\u00e9sultats uniformes chez les \u00e9l\u00e8ves. Selon Collins, Richards et Lawless Frank, bien que les logiciels qui offrent des options d&#8217;aide \u00e0 la r\u00e9daction comme la synth\u00e8se vocale, le correcteur orthographique et la pr\u00e9diction de mots profitent aux \u00e9l\u00e8ves ayant des incapacit\u00e9s, il faut prendre en compte les forces et les faiblesses chaque \u00e9l\u00e8ve au moment de choisir un logiciel. <\/p>\n<hr size=\"1\" \/>\n<p><strong>Mirenda, P., K. Turoldo et C. McAvoy. \u00ab The impact of word prediction software on the written output of students with physical disabilities \u00bb, <em>Journal of Special Education Technology<\/em>, vol. 21, no 3, 2006, p. 5-12.<br \/>\n<\/strong><\/p>\n<p>Ce projet de recherche quasi exp\u00e9rimental, dont les r\u00e9sultats ont \u00e9t\u00e9 publi\u00e9s dans une revue scientifique r\u00e9vis\u00e9e par des pairs, s&#8217;est int\u00e9ress\u00e9 aux effets d&#8217;un logiciel de pr\u00e9diction de mots sur la production de textes \u00e9crits. Les questions de recherche \u00e9taient les suivantes :<\/p>\n<ul>\n<li>Quelles sont les perceptions des \u00e9l\u00e8ves ayant une incapacit\u00e9 physique et de leurs aidants adultes au sujet des avantages de l&#8217;utilisation d&#8217;un programme de pr\u00e9diction de mots comme Co:Writer?<\/li>\n<li>Y a-t-il des diff\u00e9rences consid\u00e9rables dans la vitesse de saisie du texte, le nombre de mots lisibles, de mots bien \u00e9crits et de s\u00e9quences de mots corrects, ou la longueur moyenne des s\u00e9quences de mots corrects cons\u00e9cutifs produites par les \u00e9l\u00e8ves ayant des incapacit\u00e9s physiques selon qu&#8217;ils utilisent l&#8217;\u00e9criture manuscrite, le traitement de texte ou le traitement de texte avec un logiciel de pr\u00e9diction de mots?<\/li>\n<\/ul>\n<p>L&#8217;\u00e9tude a \u00e9t\u00e9 r\u00e9alis\u00e9e aupr\u00e8s de 24 \u00e9l\u00e8ves, dont 16 gar\u00e7ons et 8 filles ayant des incapacit\u00e9s physiques faisant obstacle \u00e0 leur capacit\u00e9 d\u2019\u00e9crire \u00e0 la main. Quinze d&#8217;entre eux fr\u00e9quentaient l&#8217;\u00e9cole primaire, un \u00e9tait au premier cycle du secondaire et huit \u00e9taient au deuxi\u00e8me cycle du secondaire. Vingt des participants ont \u00e9t\u00e9 s\u00e9lectionn\u00e9s dans des classes r\u00e9guli\u00e8res et six d&#8217;entre eux recevaient de l&#8217;aide \u00e0 temps partiel dans des classes sp\u00e9ciales. Les quatre participants restants faisaient partie de classes d&#8217;adaptation scolaire pour les \u00e9l\u00e8ves ayant des besoins sp\u00e9ciaux. Des sondages et trois \u00e9chantillons de texte (dix minutes sur \u00ab quelque chose que tu aimes faire \u00bb) ont \u00e9t\u00e9 produits aux fins de l&#8217;\u00e9tude par les trois moyens suivants :<\/p>\n<ul>\n<li>\u00e9criture manuscrite;<\/li>\n<li>traitement de texte uniquement;<\/li>\n<li>traitement de texte et logiciel de pr\u00e9diction de mots Co:Writer.<\/li>\n<\/ul>\n<p>L&#8217;ordre d&#8217;utilisation des modes d&#8217;\u00e9criture a vari\u00e9 d&#8217;un \u00e9l\u00e8ve \u00e0 l&#8217;autre pour contrecarrer l&#8217;effet de l&#8217;ordre. Plus des deux tiers des \u00e9l\u00e8ves estiment que Co:Writer les a aid\u00e9s \u00e0 mieux orthographier les mots, \u00e0 diversifier leur vocabulaire, \u00e0 \u00e9crire plus vite, \u00e0 produire des textes plus clairs et plus lisibles et \u00e0 \u00e9crire plus de phrases correctes. Plus de la moiti\u00e9 des enseignants et des aidants adultes en sont arriv\u00e9s aux m\u00eames conclusions, sauf en ce qui a trait aux phrases correctes. Plus des deux tiers des enseignants et des aidants adultes estiment que Co:Writer a aid\u00e9 les \u00e9l\u00e8ves \u00e0 \u00e9crire des textes plus longs sans se fatiguer, \u00e0 vivre moins de frustration lorsqu&#8217;ils \u00e9crivent, et \u00e0 se relire. Plus de la moiti\u00e9 des \u00e9l\u00e8ves ont remarqu\u00e9 les m\u00eames avantages. Des analyses unilat\u00e9rales de la variance \u00e0 mesures r\u00e9p\u00e9t\u00e9es (ANOVA) ont \u00e9t\u00e9 utilis\u00e9es pour d\u00e9terminer s&#8217;il y avait des diff\u00e9rences consid\u00e9rables entre les \u00e9chantillons de textes r\u00e9dig\u00e9s en dix minutes \u00e0 l&#8217;aide de Co:Writer, du traitement de texte, et de l&#8217;\u00e9criture manuscrite relativement aux cinq crit\u00e8res suivants :<\/p>\n<ol>\n<li>nombre total de mots \u00e9crits;<\/li>\n<li>pourcentage de mots lisibles;<\/li>\n<li>pourcentage de mots \u00e9crits correctement;<\/li>\n<li>pourcentage de s\u00e9quences de mots corrects;<\/li>\n<li>longueur moyenne des s\u00e9quences de mots corrects cons\u00e9cutifs.<\/li>\n<\/ol>\n<p><strong>R\u00c9SULTATS : <\/strong>Les r\u00e9sultats ont montr\u00e9 que le traitement de texte et la pr\u00e9diction de mots combin\u00e9s ont permis aux \u00e9l\u00e8ves d&#8217;obtenir des pourcentages plus \u00e9lev\u00e9s de mots lisibles, de mots \u00e9crits correctement et de s\u00e9quences de mots corrects que l&#8217;\u00e9criture manuscrite. L&#8217;utilisation de cette technologie d&#8217;aide n&#8217;a toutefois pas eu d\u2019effet important sur la productivit\u00e9 textuelle des \u00e9l\u00e8ves. De fa\u00e7on int\u00e9ressante, pr\u00e8s des trois quarts des paires \u00e9l\u00e8ve-adulte ont estim\u00e9 que Co:Writer avait aid\u00e9 les \u00e9l\u00e8ves \u00e0 \u00e9crire davantage et plus rapidement sans se fatiguer (p. ex., ils peuvent produire plus de mots par minute), mais il n&#8217;y a aucune donn\u00e9e probante qui puisse corroborer cette perception. <\/p>\n<hr size=\"1\" \/>\n<p><strong>Tam, C., J. Archer, J. Mays et G. Skidmore. \u00ab Measuring the outcomes of word cueing technology \u00bb, <em>Canadian Journal of Occupational Therapy<\/em>, vol. 72, no 5, 2005, p. 301-308.<\/strong><\/p>\n<p>Cet article de recherche, publi\u00e9 dans une revue scientifique r\u00e9vis\u00e9e par des pairs, d\u00e9crit les r\u00e9sultats d&#8217;un projet d&#8217;\u00e9valuation de programme d&#8217;un an, au cours duquel la mesure canadienne du rendement occupationnel (MCRO) a \u00e9t\u00e9 utilis\u00e9e comme indicateur de r\u00e9sultats pour \u00e9valuer l&#8217;efficacit\u00e9 du logiciel WordQ. L&#8217;\u00e9tude s&#8217;est d\u00e9roul\u00e9e dans une clinique d&#8217;aide \u00e0 la r\u00e9daction dans un centre de r\u00e9habilitation p\u00e9diatrique de Toronto, en Ontario. Les clients de la clinique sont des enfants de moins de 19 ans qui ont une incapacit\u00e9 physique nuisant \u00e0 leur capacit\u00e9 d&#8217;\u00e9crire. Des donn\u00e9es sur tous les enfants re\u00e7us \u00e0 la clinique d&#8217;aide \u00e0 la r\u00e9daction qui ont utilis\u00e9 WordQ (version 1) ont \u00e9t\u00e9 recueillies pendant la p\u00e9riode de collecte de 12 mois entre 2003 et 2004. Bien que ces enfants aient pu avoir re\u00e7u une formation sur l&#8217;\u00e9criture manuscrite \u00e0 un moment ou un autre de leur vie, ils ont fait appel \u00e0 la clinique parce qu&#8217;ils avaient \u00e9t\u00e9 d\u00e9clar\u00e9s r\u00e9dacteurs dysfonctionnels et qu&#8217;ils avaient besoin d&#8217;une intervention technologique. La MCRO a \u00e9t\u00e9 utilis\u00e9e avec succ\u00e8s aupr\u00e8s de 42 familles et enfants, mais seules 29 familles ont accept\u00e9 de participer \u00e0 l&#8217;entrevue de suivi. Des 29 enfants, 15 \u00e9taient des filles et 14 \u00e9taient des gar\u00e7ons. L&#8217;\u00e2ge moyen des participants \u00e9tait de 11,1 ans (\u00e9cart-type = 3,7, fourchette = 3,9 \u00e0 19,1).<\/p>\n<p><strong>R\u00c9SULTATS :<\/strong> En g\u00e9n\u00e9ral, les familles et les enfants ont trouv\u00e9 WordQ utile. Ils ont constat\u00e9 un gain de productivit\u00e9, une hausse de la motivation r\u00e9dactionnelle et l&#8217;utilisation d&#8217;un vocabulaire plus riche et plus vari\u00e9. Les enfants ont acquis de l&#8217;autonomie, car ils n&#8217;avaient plus besoin que leurs parents soient constamment disponibles pour r\u00e9pondre \u00e0 leurs lacunes orthographiques. Les parents ont indiqu\u00e9 que leur enfant \u00e9tait plus ouvert \u00e0 l&#8217;\u00e9criture et \u00e0 l&#8217;univers des mots et qu&#8217;il utilisait par cons\u00e9quent un vocabulaire plus riche et plus vari\u00e9 \u00e0 l&#8217;\u00e9crit. Les r\u00e9sultats de ce projet montrent que la MCRO est un outil efficace pour mesurer la perception des r\u00e9sultats obtenus par les enfants gr\u00e2ce \u00e0 la technologie de pr\u00e9diction de mots.  L&#8217;utilisation de la MCRO soutient l&#8217;utilisation de technologies d&#8217;aide ax\u00e9es sur le client et les donn\u00e9es probantes. Les r\u00e9sultats font \u00e9galement \u00e9tat de l&#8217;efficacit\u00e9 de WordQ pour am\u00e9liorer la productivit\u00e9 \u00e9crite.<\/p>\n<hr size=\"1\" \/>\n<p><strong>Handley-More, D., J. Deitz, F. F. Billingsley et T. E. Coggins. \u00ab Facilitating written work using computer word processing and word prediction \u00bb, <em>The American Journal of Occupational Therapy<\/em>, vol. 57, no 2, 2003, p. 139-151.<\/strong><\/p>\n<p>Ce projet de recherche quasi exp\u00e9rimental, publi\u00e9 dans une revue scientifique r\u00e9vis\u00e9e par des pairs, a tent\u00e9 d&#8217;\u00e9tablir si une intervention ergoth\u00e9rapeutique ax\u00e9e sur l&#8217;enseignement de l&#8217;utilisation d&#8217;un logiciel de traitement de texte, seul ou conjointement avec la pr\u00e9diction de mots, pouvait efficacement am\u00e9liorer les habilet\u00e9s d&#8217;expression \u00e9crite d&#8217;enfants ayant des troubles d&#8217;apprentissage ou des probl\u00e8mes avec l&#8217;\u00e9criture manuscrite. Un mod\u00e8le de traitements appliqu\u00e9s de mani\u00e8re altern\u00e9e \u00e0 un participant a \u00e9t\u00e9 utilis\u00e9 chez trois enfants de 4e et 5e ann\u00e9e. Pendant la phase de r\u00e9f\u00e9rence, les enfants ont \u00e9crit une histoire \u00e0 la main. Pendant la phase d&#8217;intervention, les enfants ont \u00e9crit des histoires en alternant entre l&#8217;\u00e9criture manuscrite, le traitement de texte, et le traitement de texte avec la pr\u00e9diction de mots. Chaque \u00e9l\u00e8ve a d\u00fb regarder un paquet d&#8217;images et en choisir 36 qui repr\u00e9sentaient des sujets possibles d&#8217;\u00e9criture. Ces photographies ont \u00e9t\u00e9 distribu\u00e9es au hasard \u00e0 chaque s\u00e9ance. Pendant les six s\u00e9ances pr\u00e9liminaires, les \u00e9l\u00e8ves ont \u00e9crit des histoires \u00e0 la main au sujet des images qu&#8217;ils avaient s\u00e9lectionn\u00e9es. Chaque \u00e9l\u00e8ve a \u00e9t\u00e9 pr\u00e9par\u00e9 pour la phase d&#8217;intervention au moyen d&#8217;une formation personnelle sur la saisie de texte au clavier, le traitement de texte et la pr\u00e9diction de mots. Pendant les s\u00e9ances d&#8217;intervention, on a demand\u00e9 aux \u00e9l\u00e8ves d&#8217;\u00e9crire des histoires au sujet des images s\u00e9lectionn\u00e9es au moyen des trois modes de production textuelle (\u00e9criture manuscrite, traitement de texte, et traitement de texte avec pr\u00e9diction de mots). Un tableau de nombres al\u00e9atoires a \u00e9t\u00e9 utilis\u00e9 pour assigner le mode d&#8217;\u00e9criture lors de chaque s\u00e9ance afin d&#8217;att\u00e9nuer l&#8217;influence de l&#8217;ordre s\u00e9quentiel. Des variables d\u00e9pendantes portaient sur les pourcentages de mots lisibles, les pourcentages de mots \u00e9crits correctement, le nombre total de mots et la rapidit\u00e9 de r\u00e9daction. Avant la phase d&#8217;intervention de l&#8217;\u00e9tude, un deuxi\u00e8me \u00e9valuateur a \u00e9t\u00e9 form\u00e9 afin d&#8217;\u00e9valuer les textes des \u00e9l\u00e8ves jusqu&#8217;\u00e0 ce que la concordance inter\u00e9valuateurs atteigne 80 % pour chacun des param\u00e8tres. Le deuxi\u00e8me \u00e9valuateur a \u00e9valu\u00e9 de fa\u00e7on al\u00e9atoire certaines histoires de chaque \u00e9l\u00e8ve. La concordance a \u00e9t\u00e9 v\u00e9rifi\u00e9e \u00e0 deux reprises lors de la phase pr\u00e9liminaire et pour le tiers des histoires lors de la phase d&#8217;intervention. Les concordances inter\u00e9valuateurs moyennes relatives aux histoires des \u00e9l\u00e8ves pour la phase pr\u00e9liminaire (PP) et la phase d&#8217;intervention (I) sont les suivantes : mots lisibles (PP = 95 %, I = 96 %); mots \u00e9crits correctement (PP = 94 %, I = 97 %); et nombre total de mots (PP = 100 %, I = 99 %). Afin de garantir l&#8217;utilisation de proc\u00e9dures uniformes dans les divers contextes, on a \u00e9labor\u00e9 des listes de v\u00e9rification de la fiabilit\u00e9 proc\u00e9durale qui d\u00e9limitaient l&#8217;installation de l&#8217;\u00e9quipement, le montant et le type de renforcement, et le moment o\u00f9 des mots pouvaient \u00eatre propos\u00e9s, et ce, pour chaque mode de g\u00e9n\u00e9ration de texte. Les listes de v\u00e9rification ont \u00e9t\u00e9 utilis\u00e9es \u00e0 chacune des s\u00e9ances. Un observateur a v\u00e9rifi\u00e9 la fiabilit\u00e9 des proc\u00e9dures \u00e0 18 % des s\u00e9ances. Dans l&#8217;ensemble, les pointages de fiabilit\u00e9 proc\u00e9durale sont demeur\u00e9s \u00e0 100 % pendant la phase pr\u00e9liminaire et ont vari\u00e9 entre 96 % et 100 % (moyenne de 99,6 %) pendant l&#8217;intervention.<\/p>\n<p><strong>R\u00c9SULTATS :<\/strong> Les r\u00e9sultats \u00e9taient variables. Deux enfants ont montr\u00e9 des am\u00e9liorations marqu\u00e9es en mati\u00e8re de lisibilit\u00e9 avec l&#8217;utilisation du traitement de texte, seul ou conjointement avec la pr\u00e9diction de mots. Ces m\u00eames enfants ont \u00e9galement montr\u00e9 des am\u00e9liorations marqu\u00e9es en mati\u00e8re d&#8217;orthographe avec l&#8217;utilisation de la pr\u00e9diction de mots. M\u00eame si la vitesse de r\u00e9daction \u00e9tait sup\u00e9rieure chez deux enfants dans le cas de l&#8217;\u00e9criture manuscrite, par rapport au nombre total de mots produits, il n&#8217;a pas \u00e9t\u00e9 possible d&#8217;\u00e9tablir qu&#8217;une m\u00e9thode \u00e9tait meilleure que l&#8217;autre. Ces r\u00e9sultats sugg\u00e8rent qu&#8217;une intervention ergoth\u00e9rapeutique utilisant le traitement de texte, employ\u00e9 seul ou conjointement avec la pr\u00e9diction de mots, peut faciliter le travail d&#8217;\u00e9criture en am\u00e9liorant la lisibilit\u00e9 et l&#8217;orthographe de certains \u00e9l\u00e8ves pr\u00e9sentant des troubles d&#8217;apprentissage. L&#8217;efficacit\u00e9 de la technologie varie selon l&#8217;environnement de soutien, les talents et les besoins uniques de chaque enfant. Il convient donc d&#8217;\u00e9valuer chaque enfant individuellement et de lui fournir la formation et les aides p\u00e9dagogiques lui permettant d&#8217;utiliser la technologie.<\/p>\n","protected":false},"excerpt":{"rendered":"<p>La pr\u00e9diction de mots : Ce que dit la recherche Silio, M. C. et P. M. Barbetta. \u00ab The effects of word prediction and text-to-speech&#8230; <a href=\"https:\/\/www.learningtechnologiesab.com\/francais\/prediction-de-mots\/ce-que-dit-la-recherche\/\">Read more &raquo;<\/a><\/p>\n","protected":false},"author":1,"featured_media":50,"parent":18,"menu_order":0,"comment_status":"open","ping_status":"open","template":"","meta":{"_acf_changed":false,"footnotes":""},"class_list":["post-60","page","type-page","status-publish","has-post-thumbnail","hentry"],"acf":[],"_links":{"self":[{"href":"https:\/\/www.learningtechnologiesab.com\/francais\/wp-json\/wp\/v2\/pages\/60","targetHints":{"allow":["GET"]}}],"collection":[{"href":"https:\/\/www.learningtechnologiesab.com\/francais\/wp-json\/wp\/v2\/pages"}],"about":[{"href":"https:\/\/www.learningtechnologiesab.com\/francais\/wp-json\/wp\/v2\/types\/page"}],"author":[{"embeddable":true,"href":"https:\/\/www.learningtechnologiesab.com\/francais\/wp-json\/wp\/v2\/users\/1"}],"replies":[{"embeddable":true,"href":"https:\/\/www.learningtechnologiesab.com\/francais\/wp-json\/wp\/v2\/comments?post=60"}],"version-history":[{"count":4,"href":"https:\/\/www.learningtechnologiesab.com\/francais\/wp-json\/wp\/v2\/pages\/60\/revisions"}],"predecessor-version":[{"id":304,"href":"https:\/\/www.learningtechnologiesab.com\/francais\/wp-json\/wp\/v2\/pages\/60\/revisions\/304"}],"up":[{"embeddable":true,"href":"https:\/\/www.learningtechnologiesab.com\/francais\/wp-json\/wp\/v2\/pages\/18"}],"wp:featuredmedia":[{"embeddable":true,"href":"https:\/\/www.learningtechnologiesab.com\/francais\/wp-json\/wp\/v2\/media\/50"}],"wp:attachment":[{"href":"https:\/\/www.learningtechnologiesab.com\/francais\/wp-json\/wp\/v2\/media?parent=60"}],"curies":[{"name":"wp","href":"https:\/\/api.w.org\/{rel}","templated":true}]}}