{"id":40,"date":"2015-04-14T07:10:57","date_gmt":"2015-04-14T13:10:57","guid":{"rendered":"http:\/\/essentialconditions.ca\/learning-technologies-ab\/?page_id=40"},"modified":"2015-05-02T14:24:12","modified_gmt":"2015-05-02T20:24:12","slug":"les-outils-de-pensee-visuelle-en-action","status":"publish","type":"page","link":"https:\/\/www.learningtechnologiesab.com\/francais\/outils-de-pensee-visuelle\/les-outils-de-pensee-visuelle-en-action\/","title":{"rendered":"Les outils de pens\u00e9e visuelle en action"},"content":{"rendered":"<h1>Les outils de pens\u00e9e visuelle en action <\/h1>\n<p>Regardez le diaporama ci-dessous pour voir comment les outils de pens\u00e9e visuelle peuvent \u00eatre utilis\u00e9s pour faciliter l&#8217;apprentissage des connaissances transversales et aider tous les \u00e9l\u00e8ves, peu importe leur \u00e2ge et leurs capacit\u00e9s d&#8217;apprentissage. <\/p>\n<div class=\"visualThinkingGallery\">\n\t<iframe loading=\"lazy\" src=\"http:\/\/www.learningtechnologiesab.com\/francais\/wp-content\/themes\/learning-technologies-ab-french\/sliders\/visual-thinking-tools-in-action1.html\" width=\"640\" height=\"500\" marginheight=\"0\" marginwidth=\"0\" frameborder=\"0\" scrolling=\"no\"><\/iframe>\n<\/div>\n","protected":false},"excerpt":{"rendered":"<p>Les outils de pens\u00e9e visuelle en action Regardez le diaporama ci-dessous pour voir comment les outils de pens\u00e9e visuelle peuvent \u00eatre utilis\u00e9s pour faciliter l&#8217;apprentissage&#8230; <a href=\"https:\/\/www.learningtechnologiesab.com\/francais\/outils-de-pensee-visuelle\/les-outils-de-pensee-visuelle-en-action\/\">Read more &raquo;<\/a><\/p>\n","protected":false},"author":1,"featured_media":41,"parent":25,"menu_order":0,"comment_status":"open","ping_status":"open","template":"","meta":{"_acf_changed":false,"footnotes":""},"class_list":["post-40","page","type-page","status-publish","has-post-thumbnail","hentry"],"acf":[],"_links":{"self":[{"href":"https:\/\/www.learningtechnologiesab.com\/francais\/wp-json\/wp\/v2\/pages\/40","targetHints":{"allow":["GET"]}}],"collection":[{"href":"https:\/\/www.learningtechnologiesab.com\/francais\/wp-json\/wp\/v2\/pages"}],"about":[{"href":"https:\/\/www.learningtechnologiesab.com\/francais\/wp-json\/wp\/v2\/types\/page"}],"author":[{"embeddable":true,"href":"https:\/\/www.learningtechnologiesab.com\/francais\/wp-json\/wp\/v2\/users\/1"}],"replies":[{"embeddable":true,"href":"https:\/\/www.learningtechnologiesab.com\/francais\/wp-json\/wp\/v2\/comments?post=40"}],"version-history":[{"count":6,"href":"https:\/\/www.learningtechnologiesab.com\/francais\/wp-json\/wp\/v2\/pages\/40\/revisions"}],"predecessor-version":[{"id":254,"href":"https:\/\/www.learningtechnologiesab.com\/francais\/wp-json\/wp\/v2\/pages\/40\/revisions\/254"}],"up":[{"embeddable":true,"href":"https:\/\/www.learningtechnologiesab.com\/francais\/wp-json\/wp\/v2\/pages\/25"}],"wp:featuredmedia":[{"embeddable":true,"href":"https:\/\/www.learningtechnologiesab.com\/francais\/wp-json\/wp\/v2\/media\/41"}],"wp:attachment":[{"href":"https:\/\/www.learningtechnologiesab.com\/francais\/wp-json\/wp\/v2\/media?parent=40"}],"curies":[{"name":"wp","href":"https:\/\/api.w.org\/{rel}","templated":true}]}}