{"id":25,"date":"2015-04-13T21:35:42","date_gmt":"2015-04-14T03:35:42","guid":{"rendered":"http:\/\/essentialconditions.ca\/learning-technologies-ab\/?page_id=25"},"modified":"2015-05-03T17:20:21","modified_gmt":"2015-05-03T23:20:21","slug":"outils-de-pensee-visuelle","status":"publish","type":"page","link":"https:\/\/www.learningtechnologiesab.com\/francais\/outils-de-pensee-visuelle\/","title":{"rendered":"Outils de pens\u00e9e visuelle"},"content":{"rendered":"<div class=\"row\">\n<div class=\"col-sm-6\">\n<p class=\"featuredImage\"><img decoding=\"async\" src=\"http:\/\/www.learningtechnologiesab.com\/francais\/wp-content\/uploads\/2015\/04\/1364501879.jpg\" alt=\"1364501879\" \/><\/p>\n<\/p><\/div>\n<div class=\"col-sm-6\">\n<h1>Outils de pens\u00e9e visuelle<\/h1>\n<p>Les outils de pens\u00e9e visuelle peuvent faciliter l&#8217;apprentissage dans chaque mati\u00e8re et aider tous les \u00e9l\u00e8ves, peu importe leur \u00e2ge et leurs capacit\u00e9s d&#8217;apprentissage.<\/p>\n<p><a href=\"http:\/\/www.learningtechnologiesab.com\/francais\/outils-de-pensee-visuelle\/en-savoir-plus\/\" class=\"btn btn-primary\">En savoir plus<\/a><\/p>\n<\/p><\/div>\n<\/div>\n<div class=\"row\">\n<div class=\"col-sm-6\">\n<h2>Les outils de pens\u00e9e visuelle<\/h2>\n<p>La pens\u00e9e visuelle consiste \u00e0 utiliser des images et du texte aux fins de compr\u00e9hension, de cr\u00e9ation, d&#8217;explication, de communication et de r\u00e9solution de probl\u00e8mes.<\/p>\n<p>Les outils de pens\u00e9e visuelle peuvent faciliter l&#8217;apprentissage dans chaque mati\u00e8re et aider tous les \u00e9l\u00e8ves, peu importe leur \u00e2ge et leurs capacit\u00e9s d&#8217;apprentissage. Ces outils peuvent servir \u00e0 :<\/p>\n<ul>\n<li>renforcer les connaissances acquises (faire le lien entre de nouvelles id\u00e9es et des connaissances ant\u00e9rieures);<\/li>\n<li>acqu\u00e9rir des connaissances (\u00e9tablir des liens entre des id\u00e9es et des concepts et les associer \u00e0 des \u00e9l\u00e9ments visuels);<\/li>\n<li>favoriser et soutenir la collaboration;<\/li>\n<li>cr\u00e9er un produit (repr\u00e9sentation de la structure conceptuelle du savoir);<\/li>\n<li>faire une \u00e9valuation formative ou sommative (afin de cibler, d&#8217;\u00e9valuer et de communiquer la compr\u00e9hension de l&#8217;\u00e9l\u00e8ve).<\/li>\n<\/ul><\/div>\n<div class=\"col-sm-6\">\n<p><img decoding=\"async\" src=\"http:\/\/www.learningtechnologiesab.com\/francais\/wp-content\/uploads\/2015\/04\/3754156_orig.png\" alt=\"1375067363\" \/><\/p>\n<\/p><\/div>\n<\/div>\n","protected":false},"excerpt":{"rendered":"<p>Outils de pens\u00e9e visuelle Les outils de pens\u00e9e visuelle peuvent faciliter l&#8217;apprentissage dans chaque mati\u00e8re et aider tous les \u00e9l\u00e8ves, peu importe leur \u00e2ge et&#8230; <a href=\"https:\/\/www.learningtechnologiesab.com\/francais\/outils-de-pensee-visuelle\/\">Read more &raquo;<\/a><\/p>\n","protected":false},"author":1,"featured_media":0,"parent":0,"menu_order":0,"comment_status":"open","ping_status":"open","template":"","meta":{"_acf_changed":false,"footnotes":""},"class_list":["post-25","page","type-page","status-publish","hentry"],"acf":[],"_links":{"self":[{"href":"https:\/\/www.learningtechnologiesab.com\/francais\/wp-json\/wp\/v2\/pages\/25","targetHints":{"allow":["GET"]}}],"collection":[{"href":"https:\/\/www.learningtechnologiesab.com\/francais\/wp-json\/wp\/v2\/pages"}],"about":[{"href":"https:\/\/www.learningtechnologiesab.com\/francais\/wp-json\/wp\/v2\/types\/page"}],"author":[{"embeddable":true,"href":"https:\/\/www.learningtechnologiesab.com\/francais\/wp-json\/wp\/v2\/users\/1"}],"replies":[{"embeddable":true,"href":"https:\/\/www.learningtechnologiesab.com\/francais\/wp-json\/wp\/v2\/comments?post=25"}],"version-history":[{"count":4,"href":"https:\/\/www.learningtechnologiesab.com\/francais\/wp-json\/wp\/v2\/pages\/25\/revisions"}],"predecessor-version":[{"id":285,"href":"https:\/\/www.learningtechnologiesab.com\/francais\/wp-json\/wp\/v2\/pages\/25\/revisions\/285"}],"wp:attachment":[{"href":"https:\/\/www.learningtechnologiesab.com\/francais\/wp-json\/wp\/v2\/media?parent=25"}],"curies":[{"name":"wp","href":"https:\/\/api.w.org\/{rel}","templated":true}]}}