{"id":22,"date":"2015-04-13T21:32:38","date_gmt":"2015-04-14T03:32:38","guid":{"rendered":"http:\/\/essentialconditions.ca\/learning-technologies-ab\/?page_id=22"},"modified":"2015-05-03T17:41:27","modified_gmt":"2015-05-03T23:41:27","slug":"reconnaissance-de-la-parole","status":"publish","type":"page","link":"https:\/\/www.learningtechnologiesab.com\/francais\/reconnaissance-de-la-parole\/","title":{"rendered":"Reconnaissance de la parole"},"content":{"rendered":"<div class=\"row\">\n<div class=\"col-sm-6\">\n<p class=\"featuredImage\"><img decoding=\"async\" src=\"http:\/\/www.learningtechnologiesab.com\/francais\/wp-content\/uploads\/2015\/04\/1376760831.jpg\" alt=\"\" \/><\/p>\n<\/p><\/div>\n<div class=\"col-sm-6\">\n<h1>Reconnaissance de la parole<\/h1>\n<p>La reconnaissance de la parole, d\u00e9sign\u00e9e aussi par les termes \u00abreconnaissance vocale\u00bb ou \u00abconversion parole-texte\u00bb\u00b8 est une technologie qui reconnait la parole et qui convertit les mots parl\u00e9s en texte num\u00e9rique.<\/p>\n<p><a href=\"http:\/\/www.learningtechnologiesab.com\/francais\/reconnaissance-de-la-parole\/en-savoir-plus\/\" class=\"btn btn-primary\">En savoir plus<\/a><\/p>\n<\/p><\/div>\n<\/div>\n<div class=\"row\">\n<div class=\"col-sm-6\">\n<h2>Qu&#8217;est-ce que la reconnaissance de la parole?<\/h2>\n<p>Certaines technologies cr\u00e9\u00e9es au d\u00e9part pour les personnes ayant des incapacit\u00e9s sont maintenant tr\u00e8s r\u00e9pandues; on s&#8217;en sert tous au quotidien, souvent sans s&#8217;en rendre compte. On n&#8217;a qu&#8217;\u00e0 penser aux menus et aux r\u00e9pertoires t\u00e9l\u00e9phoniques automatis\u00e9s, \u00e0 la composition de num\u00e9ros de t\u00e9l\u00e9phone par commande vocale et aux commandes vocales int\u00e9gr\u00e9es aux t\u00e9l\u00e9phones cellulaires. La reconnaissance de la parole fait maintenant partie de la vie quotidienne.<\/p>\n<p>La <strong>reconnaissance de la parole<\/strong>, d\u00e9sign\u00e9e aussi par les termes \u00ab reconnaissance vocale \u00bb ou \u00ab conversion parole-texte \u00bb, est une technologie qui peut convertir des mots parl\u00e9s en texte num\u00e9rique, permettant ainsi \u00e0 des \u00e9l\u00e8ves de communiquer leurs id\u00e9es de mani\u00e8re plus efficace. Avec un entrainement et une utilisation continue, les logiciels de reconnaissance de la parole capables d&#8217;enregistrer plusieurs profils d&#8217;utilisateur retiennent la voie de l&#8217;utilisateur et ses choix habituels de mots afin d&#8217;am\u00e9liorer le r\u00e9sultat \u00e9crit.<\/p>\n<\/p><\/div>\n<div class=\"col-sm-6\">\n<p><img decoding=\"async\" src=\"http:\/\/www.learningtechnologiesab.com\/francais\/wp-content\/uploads\/2015\/04\/3216093.png\" alt=\"\" \/><\/p>\n<\/p><\/div>\n<\/div>\n","protected":false},"excerpt":{"rendered":"<p>Reconnaissance de la parole La reconnaissance de la parole, d\u00e9sign\u00e9e aussi par les termes \u00abreconnaissance vocale\u00bb ou \u00abconversion parole-texte\u00bb\u00b8 est une technologie qui reconnait la&#8230; <a href=\"https:\/\/www.learningtechnologiesab.com\/francais\/reconnaissance-de-la-parole\/\">Read more &raquo;<\/a><\/p>\n","protected":false},"author":1,"featured_media":0,"parent":0,"menu_order":0,"comment_status":"open","ping_status":"open","template":"","meta":{"_acf_changed":false,"footnotes":""},"class_list":["post-22","page","type-page","status-publish","hentry"],"acf":[],"_links":{"self":[{"href":"https:\/\/www.learningtechnologiesab.com\/francais\/wp-json\/wp\/v2\/pages\/22","targetHints":{"allow":["GET"]}}],"collection":[{"href":"https:\/\/www.learningtechnologiesab.com\/francais\/wp-json\/wp\/v2\/pages"}],"about":[{"href":"https:\/\/www.learningtechnologiesab.com\/francais\/wp-json\/wp\/v2\/types\/page"}],"author":[{"embeddable":true,"href":"https:\/\/www.learningtechnologiesab.com\/francais\/wp-json\/wp\/v2\/users\/1"}],"replies":[{"embeddable":true,"href":"https:\/\/www.learningtechnologiesab.com\/francais\/wp-json\/wp\/v2\/comments?post=22"}],"version-history":[{"count":6,"href":"https:\/\/www.learningtechnologiesab.com\/francais\/wp-json\/wp\/v2\/pages\/22\/revisions"}],"predecessor-version":[{"id":288,"href":"https:\/\/www.learningtechnologiesab.com\/francais\/wp-json\/wp\/v2\/pages\/22\/revisions\/288"}],"wp:attachment":[{"href":"https:\/\/www.learningtechnologiesab.com\/francais\/wp-json\/wp\/v2\/media?parent=22"}],"curies":[{"name":"wp","href":"https:\/\/api.w.org\/{rel}","templated":true}]}}