{"id":18,"date":"2015-04-13T21:28:07","date_gmt":"2015-04-14T03:28:07","guid":{"rendered":"http:\/\/essentialconditions.ca\/learning-technologies-ab\/?page_id=18"},"modified":"2015-05-03T17:47:18","modified_gmt":"2015-05-03T23:47:18","slug":"prediction-de-mots","status":"publish","type":"page","link":"https:\/\/www.learningtechnologiesab.com\/francais\/prediction-de-mots\/","title":{"rendered":"Pr\u00e9diction de mots"},"content":{"rendered":"<div class=\"row\">\n<div class=\"col-sm-6\">\n<p class=\"featuredImage\"><img decoding=\"async\" src=\"http:\/\/www.learningtechnologiesab.com\/francais\/wp-content\/uploads\/2015\/04\/1364499889.jpg\" alt=\"\" \/><\/p>\n<\/p><\/div>\n<div class=\"col-sm-6\">\n<h1>Pr\u00e9diction de mots <\/h1>\n<p>Les logiciels de pr\u00e9diction de mots peuvent aider un \u00e9l\u00e8ve pendant le traitement d&#8217;un texte en \u00ab pr\u00e9disant \u00bb le mot qu\u2019il tape et en lui en fournissant une lecture audio. Lorsque l&#8217;\u00e9l\u00e8ve tape la premi\u00e8re lettre du mot, le logiciel lui pr\u00e9sente une liste de mots commen\u00e7ant par cette lettre. <\/p>\n<p><a href=\"http:\/\/www.learningtechnologiesab.com\/francais\/prediction-de-mots\/en-savoir-plus\/\" class=\"btn btn-primary\">En savoir plus<\/a><\/p>\n<\/p><\/div>\n<\/div>\n<div class=\"row\">\n<div class=\"col-sm-6\">\n<h2>Qu&#8217;est-ce que la pr\u00e9diction de mots?<\/h2>\n<p>La <strong>pr\u00e9diction de mots<\/strong> peut aider un \u00e9l\u00e8ve pendant le traitement d&#8217;un texte en \u00ab pr\u00e9disant \u00bb le mot qu&#8217;il tape et en lui en fournissant une lecture audio. Lorsque l&#8217;\u00e9l\u00e8ve tape la premi\u00e8re lettre du mot, le logiciel lui pr\u00e9sente une liste de mots commen\u00e7ant par cette lettre. Au fur et \u00e0 mesure que l&#8217;\u00e9l\u00e8ve tape de nouvelles lettres, la liste se raffine. Lorsque le mot voulu apparait dans la liste, l&#8217;\u00e9l\u00e8ve le s\u00e9lectionne, soit en cliquant dessus soit en tapant le num\u00e9ro de l&#8217;entr\u00e9e, ce qui ins\u00e8re automatiquement le mot en entier dans le document. Un support audio est souvent fourni aux \u00e9l\u00e8ves qui ont de la difficult\u00e9 \u00e0 lire les mots pr\u00e9sent\u00e9s dans la liste.<\/p>\n<\/p><\/div>\n<div class=\"col-sm-6\">\n<p><img decoding=\"async\" src=\"http:\/\/www.learningtechnologiesab.com\/francais\/wp-content\/uploads\/2015\/04\/4781745_orig.png\" alt=\"\" \/><\/p>\n<\/p><\/div>\n<\/div>\n","protected":false},"excerpt":{"rendered":"<p>Pr\u00e9diction de mots Les logiciels de pr\u00e9diction de mots peuvent aider un \u00e9l\u00e8ve pendant le traitement d&#8217;un texte en \u00ab pr\u00e9disant \u00bb le mot qu\u2019il&#8230; <a href=\"https:\/\/www.learningtechnologiesab.com\/francais\/prediction-de-mots\/\">Read more &raquo;<\/a><\/p>\n","protected":false},"author":1,"featured_media":0,"parent":0,"menu_order":0,"comment_status":"open","ping_status":"open","template":"","meta":{"_acf_changed":false,"footnotes":""},"class_list":["post-18","page","type-page","status-publish","hentry"],"acf":[],"_links":{"self":[{"href":"https:\/\/www.learningtechnologiesab.com\/francais\/wp-json\/wp\/v2\/pages\/18","targetHints":{"allow":["GET"]}}],"collection":[{"href":"https:\/\/www.learningtechnologiesab.com\/francais\/wp-json\/wp\/v2\/pages"}],"about":[{"href":"https:\/\/www.learningtechnologiesab.com\/francais\/wp-json\/wp\/v2\/types\/page"}],"author":[{"embeddable":true,"href":"https:\/\/www.learningtechnologiesab.com\/francais\/wp-json\/wp\/v2\/users\/1"}],"replies":[{"embeddable":true,"href":"https:\/\/www.learningtechnologiesab.com\/francais\/wp-json\/wp\/v2\/comments?post=18"}],"version-history":[{"count":6,"href":"https:\/\/www.learningtechnologiesab.com\/francais\/wp-json\/wp\/v2\/pages\/18\/revisions"}],"predecessor-version":[{"id":290,"href":"https:\/\/www.learningtechnologiesab.com\/francais\/wp-json\/wp\/v2\/pages\/18\/revisions\/290"}],"wp:attachment":[{"href":"https:\/\/www.learningtechnologiesab.com\/francais\/wp-json\/wp\/v2\/media?parent=18"}],"curies":[{"name":"wp","href":"https:\/\/api.w.org\/{rel}","templated":true}]}}